{"id":1719,"date":"2021-11-15T03:33:03","date_gmt":"2021-11-15T03:33:03","guid":{"rendered":"https:\/\/gioventuproducts.com\/en\/?page_id=1719"},"modified":"2022-06-06T00:27:25","modified_gmt":"2022-06-06T00:27:25","slug":"about-us","status":"publish","type":"page","link":"https:\/\/gioventuproducts.com\/en\/about-us\/","title":{"rendered":"ABOUT US"},"content":{"rendered":"<p>[vc_row css_animation=&#8221;bounceIn&#8221;][vc_column][qk_title tpl=&#8221;tpl1&#8243; type_heading=&#8221;h1&#8243; h_class=&#8221;title_h1&#8243; no_title=&#8221;2&#8243; title1=&#8221;About us &#8221; font_style1=&#8221;strong&#8221; title2=&#8221;GIOVENT\u00d9&#8221; font_style2=&#8221;strong&#8221; color_line1=&#8221;#acc434&#8243; color_line2=&#8221;#acc434&#8243; margin_line=&#8221;10px&#8221;][\/qk_title][vc_column_text css_animation=&#8221;fadeInUp&#8221;]<\/p>\n<h4 style=\"text-align: justify;\"><img loading=\"lazy\" class=\"alignleft size-full wp-image-1059\" src=\"https:\/\/gioventuproducts.com\/en\/wp-content\/uploads\/2018\/02\/nosotros-gioventu.jpg\" alt=\"\" width=\"280\" height=\"325\" srcset=\"https:\/\/gioventuproducts.com\/en\/wp-content\/uploads\/2018\/02\/nosotros-gioventu.jpg 280w, https:\/\/gioventuproducts.com\/en\/wp-content\/uploads\/2018\/02\/nosotros-gioventu-258x300.jpg 258w\" sizes=\"(max-width: 280px) 100vw, 280px\" \/><span class=\"Y2IQFc\" lang=\"en\">Giovent\u00f9 is the beginning of a new era in skin rejuvenation\u2026 Cellular Regeneration. The Giovent\u00f9 Cellular Regeneration Program for the skin has been elaborated with natural active ingredients from accredited European laboratories and the most recent French and Swiss technology. Giovent\u00f9 products are aimed at women over 25 years of age to prevent and correct the signs of skin aging. Giovent\u00f9 offers visible and significant results in just eight weeks. Giovent\u00f9 makes possible the Cellular Regeneration, makes possible the real rejuvenation of the skin.<\/span><\/h4>\n<p>[\/vc_column_text][\/vc_column][\/vc_row]<\/p>\n<!-- AddThis Advanced Settings generic via filter on the_content --><!-- AddThis Share Buttons generic via filter on the_content -->","protected":false},"excerpt":{"rendered":"<p>[vc_row css_animation=&#8221;bounceIn&#8221;][vc_column][qk_title tpl=&#8221;tpl1&#8243; type_heading=&#8221;h1&#8243; h_class=&#8221;title_h1&#8243; no_title=&#8221;2&#8243; title1=&#8221;About us &#8221; font_style1=&#8221;strong&#8221; title2=&#8221;GIOVENT\u00d9&#8221; font_style2=&#8221;strong&#8221; color_line1=&#8221;#acc434&#8243; color_line2=&#8221;#acc434&#8243; margin_line=&#8221;10px&#8221;][\/qk_title][vc_column_text css_animation=&#8221;fadeInUp&#8221;] Giovent\u00f9 is the beginning of a new era in skin rejuvenation\u2026 Cellular Regeneration. The Giovent\u00f9 Cellular Regeneration Program for the skin has been elaborated with natural active ingredients from accredited European laboratories and the most recent French and Swiss technology. Giovent\u00f9 products are aimed at women over 25 years of age to prevent and correct the signs of skin aging. Giovent\u00f9 offers visible and significant results in just eight weeks. Giovent\u00f9 makes possible the Cellular Regeneration, makes possible the real rejuvenation of the skin. [\/vc_column_text][\/vc_column][\/vc_row]<!-- AddThis Advanced Settings generic via filter on get_the_excerpt --><!-- AddThis Share Buttons generic via filter on get_the_excerpt --><\/p>\n","protected":false},"author":10,"featured_media":0,"parent":0,"menu_order":0,"comment_status":"closed","ping_status":"closed","template":"","meta":[],"_links":{"self":[{"href":"https:\/\/gioventuproducts.com\/en\/wp-json\/wp\/v2\/pages\/1719"}],"collection":[{"href":"https:\/\/gioventuproducts.com\/en\/wp-json\/wp\/v2\/pages"}],"about":[{"href":"https:\/\/gioventuproducts.com\/en\/wp-json\/wp\/v2\/types\/page"}],"author":[{"embeddable":true,"href":"https:\/\/gioventuproducts.com\/en\/wp-json\/wp\/v2\/users\/10"}],"replies":[{"embeddable":true,"href":"https:\/\/gioventuproducts.com\/en\/wp-json\/wp\/v2\/comments?post=1719"}],"version-history":[{"count":6,"href":"https:\/\/gioventuproducts.com\/en\/wp-json\/wp\/v2\/pages\/1719\/revisions"}],"predecessor-version":[{"id":1853,"href":"https:\/\/gioventuproducts.com\/en\/wp-json\/wp\/v2\/pages\/1719\/revisions\/1853"}],"wp:attachment":[{"href":"https:\/\/gioventuproducts.com\/en\/wp-json\/wp\/v2\/media?parent=1719"}],"curies":[{"name":"wp","href":"https:\/\/api.w.org\/{rel}","templated":true}]}}